{"id":16,"date":"2023-06-23T10:24:16","date_gmt":"2023-06-23T10:24:16","guid":{"rendered":"https:\/\/horeca-red.com\/?page_id=16"},"modified":"2025-04-09T14:44:33","modified_gmt":"2025-04-09T14:44:33","slug":"soluciones-personal-sector-horeca","status":"publish","type":"page","link":"https:\/\/horeca-red.com\/es\/","title":{"rendered":"Home"},"content":{"rendered":"\n<style type=\"text\/css\" data-created_by=\"avia_inline_auto\" id=\"style-css-av-lj8p4mp5-d5af4e64c097d526178c6e109cd420b8\">\n.avia-section.av-lj8p4mp5-d5af4e64c097d526178c6e109cd420b8{\nbackground-repeat:no-repeat;\nbackground-image:url(https:\/\/horeca-red.com\/wp-content\/uploads\/crew-wide.jpg);\nbackground-position:50% 50%;\nbackground-attachment:scroll;\n}\n<\/style>\n<div id='av_section_1'  class='avia-section av-lj8p4mp5-d5af4e64c097d526178c6e109cd420b8 alternate_color avia-section-default avia-no-border-styling  avia-builder-el-0  avia-builder-el-no-sibling  avia-full-stretch avia-bg-style-scroll av-minimum-height av-minimum-height-100 av-height-100  container_wrap fullsize'  data-section-bg-repeat='stretch' data-av_minimum_height_pc='100' data-av_min_height_opt='100'><div class='container av-section-cont-open' ><main  role=\"main\" itemprop=\"mainContentOfPage\"  class='template-page content  av-content-full alpha units'><div class='post-entry post-entry-type-page post-entry-16'><div class='entry-content-wrapper clearfix'>\n<div class='flex_column_table av-lj8p9kzk-af78491ca6964530ecbbe7291ed50cb0 sc-av_one_full av-equal-height-column-flextable'>\n<style type=\"text\/css\" data-created_by=\"avia_inline_auto\" id=\"style-css-av-lj8p9kzk-af78491ca6964530ecbbe7291ed50cb0\">\n#top .flex_column_table.av-equal-height-column-flextable.av-lj8p9kzk-af78491ca6964530ecbbe7291ed50cb0{\nmargin-top:100px;\nmargin-bottom:100px;\n}\n.flex_column.av-lj8p9kzk-af78491ca6964530ecbbe7291ed50cb0{\nborder-radius:8px 8px 8px 8px;\npadding:90px 20% 90px 20%;\nbackground-color:rgba(14,16,17,0.85);\n}\n\n@media only screen and (max-width: 479px){ \n.flex_column.av-lj8p9kzk-af78491ca6964530ecbbe7291ed50cb0{\npadding:50px 20px 50px 20px;\n}\n}\n<\/style>\n<div  class='flex_column av-lj8p9kzk-af78491ca6964530ecbbe7291ed50cb0 av_one_full  avia-builder-el-1  el_before_av_one_full  avia-builder-el-first  first flex_column_table_cell av-equal-height-column av-align-middle  '     ><section  class='av_textblock_section av-lj8p7vn0-2485966c5ce5488087b60e7db5f1470f '   itemscope=\"itemscope\" itemtype=\"https:\/\/schema.org\/CreativeWork\" ><div class='avia_textblock'  itemprop=\"text\" ><h2 style=\"text-align: center;\"><strong>La soluci\u00f3n que conecta a los profesionales de la hosteler\u00eda con las principales empresas del sector Horeca.<\/strong><\/h2>\n<\/div><\/section><br \/>\n<div  class='avia-buttonrow-wrap av-lmnfhnx6-130fec17a89f8df135395fc491710647 avia-buttonrow-center  avia-builder-el-3  el_after_av_textblock  avia-builder-el-last '>\n\n<style type=\"text\/css\" data-created_by=\"avia_inline_auto\" id=\"style-css-av-lmnfh09q-c86e1237e4e6df3b86358593fb565cef\">\n#top #wrap_all .avia-button.av-lmnfh09q-c86e1237e4e6df3b86358593fb565cef{\nmargin-bottom:5px;\nmargin-right:3px;\nmargin-left:3px;\n}\n<\/style>\n<a href='https:\/\/horeca-red.com\/es\/trabajo-flexible-sector-horeca\/'  class='avia-button av-lmnfh09q-c86e1237e4e6df3b86358593fb565cef avia-icon_select-no avia-size-large avia-color-theme-color'   aria-label=\"Soy un profesional\"><span class='avia_iconbox_title' >Soy un profesional<\/span><\/a>\n\n<style type=\"text\/css\" data-created_by=\"avia_inline_auto\" id=\"style-css-av-lmnfhaf2-88d0bbe0ba55ce7dbea44644d7e22678\">\n#top #wrap_all .avia-button.av-lmnfhaf2-88d0bbe0ba55ce7dbea44644d7e22678{\nmargin-bottom:5px;\nmargin-right:3px;\nmargin-left:3px;\n}\n<\/style>\n<a href='https:\/\/horeca-red.com\/es\/gestion-personal-sector-horeca\/'  class='avia-button av-lmnfhaf2-88d0bbe0ba55ce7dbea44644d7e22678 avia-icon_select-no avia-size-large avia-color-theme-color'   aria-label=\"Soy una empresa\"><span class='avia_iconbox_title' >Soy una empresa<\/span><\/a>\n<\/div><\/p><\/div><\/div><!--close column table wrapper. Autoclose: 1 --><div  class='flex_column av-av_one_full-692a56cb27b4036f41891925b87c1c70 av_one_full  avia-builder-el-4  el_after_av_one_full  avia-builder-el-last  first flex_column_div  column-top-margin'     ><style type=\"text\/css\" data-created_by=\"avia_inline_auto\" id=\"style-css-av-m9a1b72g-742bc97ae0116641806491c2a7fa0002\">\n.avia-image-container.av-m9a1b72g-742bc97ae0116641806491c2a7fa0002 img.avia_image{\nbox-shadow:none;\n}\n.avia-image-container.av-m9a1b72g-742bc97ae0116641806491c2a7fa0002 .av-image-caption-overlay-center{\ncolor:#ffffff;\n}\n<\/style>\n<div  class='avia-image-container av-m9a1b72g-742bc97ae0116641806491c2a7fa0002 av-styling- av-img-linked avia-align-center  avia-builder-el-5  avia-builder-el-no-sibling '   itemprop=\"image\" itemscope=\"itemscope\" itemtype=\"https:\/\/schema.org\/ImageObject\" ><div class=\"avia-image-container-inner\"><div class=\"avia-image-overlay-wrap\"><a href=\"http:\/\/aecatering.es\/horeca-red-nuevo-socio-de-aec\/\" class='avia_image '  aria-label='AECatering Certificado'><img decoding=\"async\" fetchpriority=\"high\" class='wp-image-507 avia-img-lazy-loading-not-507 avia_image ' src=\"https:\/\/horeca-red.com\/wp-content\/uploads\/AECatering-Certificado.png\" alt='' title='AECatering Certificado'  height=\"100\" width=\"150\"  itemprop=\"thumbnailUrl\"  \/><\/a><\/div><\/div><\/div><\/div>\n","protected":false},"excerpt":{"rendered":"","protected":false},"author":1,"featured_media":0,"parent":0,"menu_order":0,"comment_status":"closed","ping_status":"closed","template":"","meta":{"footnotes":""},"class_list":["post-16","page","type-page","status-publish","hentry"],"yoast_head":"<!-- This site is optimized with the Yoast SEO plugin v25.0 - https:\/\/yoast.com\/wordpress\/plugins\/seo\/ -->\n<title>Home - horeca red<\/title>\n<meta name=\"description\" content=\"horeca red ofrece soluciones de gesti\u00f3n de personal para el sector Horeca, conectando profesionales con empresas para facilitar la contrataci\u00f3n y formaci\u00f3n.\" \/>\n<meta name=\"robots\" content=\"index, follow, max-snippet:-1, max-image-preview:large, max-video-preview:-1\" \/>\n<link rel=\"canonical\" href=\"https:\/\/horeca-red.com\/es\/soluciones-personal-sector-horeca\/\" \/>\n<meta property=\"og:locale\" content=\"es_ES\" \/>\n<meta property=\"og:type\" content=\"article\" \/>\n<meta property=\"og:title\" content=\"Home - horeca red\" \/>\n<meta property=\"og:description\" content=\"horeca red ofrece soluciones de gesti\u00f3n de personal para el sector Horeca, conectando profesionales con empresas para facilitar la contrataci\u00f3n y formaci\u00f3n.\" \/>\n<meta property=\"og:url\" content=\"https:\/\/horeca-red.com\/es\/soluciones-personal-sector-horeca\/\" \/>\n<meta property=\"og:site_name\" content=\"horeca red\" \/>\n<meta property=\"article:modified_time\" content=\"2025-04-09T14:44:33+00:00\" \/>\n<meta name=\"twitter:card\" content=\"summary_large_image\" \/>\n<meta name=\"twitter:label1\" content=\"Tiempo de lectura\" \/>\n\t<meta name=\"twitter:data1\" content=\"3 minutos\" \/>\n<script type=\"application\/ld+json\" class=\"yoast-schema-graph\">{\"@context\":\"https:\/\/schema.org\",\"@graph\":[{\"@type\":\"WebPage\",\"@id\":\"https:\/\/horeca-red.com\/es\/soluciones-personal-sector-horeca\/\",\"url\":\"https:\/\/horeca-red.com\/es\/soluciones-personal-sector-horeca\/\",\"name\":\"Home - horeca red\",\"isPartOf\":{\"@id\":\"https:\/\/horeca-red.com\/es\/#website\"},\"datePublished\":\"2023-06-23T10:24:16+00:00\",\"dateModified\":\"2025-04-09T14:44:33+00:00\",\"description\":\"horeca red ofrece soluciones de gesti\u00f3n de personal para el sector Horeca, conectando profesionales con empresas para facilitar la contrataci\u00f3n y formaci\u00f3n.\",\"breadcrumb\":{\"@id\":\"https:\/\/horeca-red.com\/es\/soluciones-personal-sector-horeca\/#breadcrumb\"},\"inLanguage\":\"es\",\"potentialAction\":[{\"@type\":\"ReadAction\",\"target\":[\"https:\/\/horeca-red.com\/es\/soluciones-personal-sector-horeca\/\"]}]},{\"@type\":\"BreadcrumbList\",\"@id\":\"https:\/\/horeca-red.com\/es\/soluciones-personal-sector-horeca\/#breadcrumb\",\"itemListElement\":[{\"@type\":\"ListItem\",\"position\":1,\"name\":\"Home\",\"item\":\"https:\/\/horeca-red.com\/es\/soluciones-personal-sector-horeca\/\"},{\"@type\":\"ListItem\",\"position\":2,\"name\":\"Home\"}]},{\"@type\":\"WebSite\",\"@id\":\"https:\/\/horeca-red.com\/es\/#website\",\"url\":\"https:\/\/horeca-red.com\/es\/\",\"name\":\"horeca red\",\"description\":\"\",\"potentialAction\":[{\"@type\":\"SearchAction\",\"target\":{\"@type\":\"EntryPoint\",\"urlTemplate\":\"https:\/\/horeca-red.com\/es\/?s={search_term_string}\"},\"query-input\":{\"@type\":\"PropertyValueSpecification\",\"valueRequired\":true,\"valueName\":\"search_term_string\"}}],\"inLanguage\":\"es\"}]}<\/script>\n<!-- \/ Yoast SEO plugin. -->","yoast_head_json":{"title":"Home - horeca red","description":"horeca red ofrece soluciones de gesti\u00f3n de personal para el sector Horeca, conectando profesionales con empresas para facilitar la contrataci\u00f3n y formaci\u00f3n.","robots":{"index":"index","follow":"follow","max-snippet":"max-snippet:-1","max-image-preview":"max-image-preview:large","max-video-preview":"max-video-preview:-1"},"canonical":"https:\/\/horeca-red.com\/es\/soluciones-personal-sector-horeca\/","og_locale":"es_ES","og_type":"article","og_title":"Home - horeca red","og_description":"horeca red ofrece soluciones de gesti\u00f3n de personal para el sector Horeca, conectando profesionales con empresas para facilitar la contrataci\u00f3n y formaci\u00f3n.","og_url":"https:\/\/horeca-red.com\/es\/soluciones-personal-sector-horeca\/","og_site_name":"horeca red","article_modified_time":"2025-04-09T14:44:33+00:00","twitter_card":"summary_large_image","twitter_misc":{"Tiempo de lectura":"3 minutos"},"schema":{"@context":"https:\/\/schema.org","@graph":[{"@type":"WebPage","@id":"https:\/\/horeca-red.com\/es\/soluciones-personal-sector-horeca\/","url":"https:\/\/horeca-red.com\/es\/soluciones-personal-sector-horeca\/","name":"Home - horeca red","isPartOf":{"@id":"https:\/\/horeca-red.com\/es\/#website"},"datePublished":"2023-06-23T10:24:16+00:00","dateModified":"2025-04-09T14:44:33+00:00","description":"horeca red ofrece soluciones de gesti\u00f3n de personal para el sector Horeca, conectando profesionales con empresas para facilitar la contrataci\u00f3n y formaci\u00f3n.","breadcrumb":{"@id":"https:\/\/horeca-red.com\/es\/soluciones-personal-sector-horeca\/#breadcrumb"},"inLanguage":"es","potentialAction":[{"@type":"ReadAction","target":["https:\/\/horeca-red.com\/es\/soluciones-personal-sector-horeca\/"]}]},{"@type":"BreadcrumbList","@id":"https:\/\/horeca-red.com\/es\/soluciones-personal-sector-horeca\/#breadcrumb","itemListElement":[{"@type":"ListItem","position":1,"name":"Home","item":"https:\/\/horeca-red.com\/es\/soluciones-personal-sector-horeca\/"},{"@type":"ListItem","position":2,"name":"Home"}]},{"@type":"WebSite","@id":"https:\/\/horeca-red.com\/es\/#website","url":"https:\/\/horeca-red.com\/es\/","name":"horeca red","description":"","potentialAction":[{"@type":"SearchAction","target":{"@type":"EntryPoint","urlTemplate":"https:\/\/horeca-red.com\/es\/?s={search_term_string}"},"query-input":{"@type":"PropertyValueSpecification","valueRequired":true,"valueName":"search_term_string"}}],"inLanguage":"es"}]}},"_links":{"self":[{"href":"https:\/\/horeca-red.com\/es\/wp-json\/wp\/v2\/pages\/16","targetHints":{"allow":["GET"]}}],"collection":[{"href":"https:\/\/horeca-red.com\/es\/wp-json\/wp\/v2\/pages"}],"about":[{"href":"https:\/\/horeca-red.com\/es\/wp-json\/wp\/v2\/types\/page"}],"author":[{"embeddable":true,"href":"https:\/\/horeca-red.com\/es\/wp-json\/wp\/v2\/users\/1"}],"replies":[{"embeddable":true,"href":"https:\/\/horeca-red.com\/es\/wp-json\/wp\/v2\/comments?post=16"}],"version-history":[{"count":75,"href":"https:\/\/horeca-red.com\/es\/wp-json\/wp\/v2\/pages\/16\/revisions"}],"predecessor-version":[{"id":1904,"href":"https:\/\/horeca-red.com\/es\/wp-json\/wp\/v2\/pages\/16\/revisions\/1904"}],"wp:attachment":[{"href":"https:\/\/horeca-red.com\/es\/wp-json\/wp\/v2\/media?parent=16"}],"curies":[{"name":"wp","href":"https:\/\/api.w.org\/{rel}","templated":true}]}}