{"id":380,"date":"2023-09-21T07:47:20","date_gmt":"2023-09-21T07:47:20","guid":{"rendered":"https:\/\/horeca-red.com\/politica-de-cookies-ue\/"},"modified":"2023-10-05T07:55:08","modified_gmt":"2023-10-05T07:55:08","slug":"politica-de-cookies-ue","status":"publish","type":"page","link":"https:\/\/horeca-red.com\/es\/politica-de-cookies-ue\/","title":{"rendered":"Pol\u00edtica de cookies (UE)"},"content":{"rendered":"La regi\u00f3n EU no est\u00e1 activada para cookie-statement.","protected":false},"excerpt":{"rendered":"","protected":false},"author":1,"featured_media":0,"parent":0,"menu_order":0,"comment_status":"closed","ping_status":"closed","template":"","meta":{"footnotes":""},"class_list":["post-380","page","type-page","status-publish","hentry"],"yoast_head":"<!-- This site is optimized with the Yoast SEO plugin v25.0 - https:\/\/yoast.com\/wordpress\/plugins\/seo\/ -->\n<title>Pol\u00edtica de cookies (UE) - horeca red<\/title>\n<meta name=\"robots\" content=\"noindex, follow\" \/>\n<meta property=\"og:locale\" content=\"es_ES\" \/>\n<meta property=\"og:type\" content=\"article\" \/>\n<meta property=\"og:title\" content=\"Pol\u00edtica de cookies (UE) - horeca red\" \/>\n<meta property=\"og:url\" content=\"https:\/\/horeca-red.com\/es\/politica-de-cookies-ue\/\" \/>\n<meta property=\"og:site_name\" content=\"horeca red\" \/>\n<meta property=\"article:modified_time\" content=\"2023-10-05T07:55:08+00:00\" \/>\n<meta name=\"twitter:card\" content=\"summary_large_image\" \/>\n<script type=\"application\/ld+json\" class=\"yoast-schema-graph\">{\"@context\":\"https:\/\/schema.org\",\"@graph\":[{\"@type\":\"WebPage\",\"@id\":\"https:\/\/horeca-red.com\/es\/politica-de-cookies-ue\/\",\"url\":\"https:\/\/horeca-red.com\/es\/politica-de-cookies-ue\/\",\"name\":\"Pol\u00edtica de cookies (UE) - horeca red\",\"isPartOf\":{\"@id\":\"https:\/\/horeca-red.com\/es\/#website\"},\"datePublished\":\"2023-09-21T07:47:20+00:00\",\"dateModified\":\"2023-10-05T07:55:08+00:00\",\"breadcrumb\":{\"@id\":\"https:\/\/horeca-red.com\/es\/politica-de-cookies-ue\/#breadcrumb\"},\"inLanguage\":\"es\",\"potentialAction\":[{\"@type\":\"ReadAction\",\"target\":[\"https:\/\/horeca-red.com\/es\/politica-de-cookies-ue\/\"]}]},{\"@type\":\"BreadcrumbList\",\"@id\":\"https:\/\/horeca-red.com\/es\/politica-de-cookies-ue\/#breadcrumb\",\"itemListElement\":[{\"@type\":\"ListItem\",\"position\":1,\"name\":\"Home\",\"item\":\"https:\/\/horeca-red.com\/es\/soluciones-personal-sector-horeca\/\"},{\"@type\":\"ListItem\",\"position\":2,\"name\":\"Pol\u00edtica de cookies (UE)\"}]},{\"@type\":\"WebSite\",\"@id\":\"https:\/\/horeca-red.com\/es\/#website\",\"url\":\"https:\/\/horeca-red.com\/es\/\",\"name\":\"horeca red\",\"description\":\"\",\"potentialAction\":[{\"@type\":\"SearchAction\",\"target\":{\"@type\":\"EntryPoint\",\"urlTemplate\":\"https:\/\/horeca-red.com\/es\/?s={search_term_string}\"},\"query-input\":{\"@type\":\"PropertyValueSpecification\",\"valueRequired\":true,\"valueName\":\"search_term_string\"}}],\"inLanguage\":\"es\"}]}<\/script>\n<!-- \/ Yoast SEO plugin. -->","yoast_head_json":{"title":"Pol\u00edtica de cookies (UE) - horeca red","robots":{"index":"noindex","follow":"follow"},"og_locale":"es_ES","og_type":"article","og_title":"Pol\u00edtica de cookies (UE) - horeca red","og_url":"https:\/\/horeca-red.com\/es\/politica-de-cookies-ue\/","og_site_name":"horeca red","article_modified_time":"2023-10-05T07:55:08+00:00","twitter_card":"summary_large_image","schema":{"@context":"https:\/\/schema.org","@graph":[{"@type":"WebPage","@id":"https:\/\/horeca-red.com\/es\/politica-de-cookies-ue\/","url":"https:\/\/horeca-red.com\/es\/politica-de-cookies-ue\/","name":"Pol\u00edtica de cookies (UE) - horeca red","isPartOf":{"@id":"https:\/\/horeca-red.com\/es\/#website"},"datePublished":"2023-09-21T07:47:20+00:00","dateModified":"2023-10-05T07:55:08+00:00","breadcrumb":{"@id":"https:\/\/horeca-red.com\/es\/politica-de-cookies-ue\/#breadcrumb"},"inLanguage":"es","potentialAction":[{"@type":"ReadAction","target":["https:\/\/horeca-red.com\/es\/politica-de-cookies-ue\/"]}]},{"@type":"BreadcrumbList","@id":"https:\/\/horeca-red.com\/es\/politica-de-cookies-ue\/#breadcrumb","itemListElement":[{"@type":"ListItem","position":1,"name":"Home","item":"https:\/\/horeca-red.com\/es\/soluciones-personal-sector-horeca\/"},{"@type":"ListItem","position":2,"name":"Pol\u00edtica de cookies (UE)"}]},{"@type":"WebSite","@id":"https:\/\/horeca-red.com\/es\/#website","url":"https:\/\/horeca-red.com\/es\/","name":"horeca red","description":"","potentialAction":[{"@type":"SearchAction","target":{"@type":"EntryPoint","urlTemplate":"https:\/\/horeca-red.com\/es\/?s={search_term_string}"},"query-input":{"@type":"PropertyValueSpecification","valueRequired":true,"valueName":"search_term_string"}}],"inLanguage":"es"}]}},"_links":{"self":[{"href":"https:\/\/horeca-red.com\/es\/wp-json\/wp\/v2\/pages\/380","targetHints":{"allow":["GET"]}}],"collection":[{"href":"https:\/\/horeca-red.com\/es\/wp-json\/wp\/v2\/pages"}],"about":[{"href":"https:\/\/horeca-red.com\/es\/wp-json\/wp\/v2\/types\/page"}],"author":[{"embeddable":true,"href":"https:\/\/horeca-red.com\/es\/wp-json\/wp\/v2\/users\/1"}],"replies":[{"embeddable":true,"href":"https:\/\/horeca-red.com\/es\/wp-json\/wp\/v2\/comments?post=380"}],"version-history":[{"count":2,"href":"https:\/\/horeca-red.com\/es\/wp-json\/wp\/v2\/pages\/380\/revisions"}],"predecessor-version":[{"id":394,"href":"https:\/\/horeca-red.com\/es\/wp-json\/wp\/v2\/pages\/380\/revisions\/394"}],"wp:attachment":[{"href":"https:\/\/horeca-red.com\/es\/wp-json\/wp\/v2\/media?parent=380"}],"curies":[{"name":"wp","href":"https:\/\/api.w.org\/{rel}","templated":true}]}}